{"id":113,"date":"2017-01-06T11:38:11","date_gmt":"2017-01-06T13:38:11","guid":{"rendered":"http:\/\/braseal.com.br\/?page_id=113"},"modified":"2025-04-09T12:30:16","modified_gmt":"2025-04-09T15:30:16","slug":"catalogos","status":"publish","type":"page","link":"https:\/\/braseal.com.br\/?page_id=113","title":{"rendered":"Cat\u00e1logos"},"content":{"rendered":"<p>[vc_row full_width=&#8221;stretch_row&#8221; css=&#8221;.vc_custom_1481079967069{padding-top: 50px !important;padding-bottom: 50px !important;}&#8221;][vc_column width=&#8221;1\/4&#8243;][vc_single_image image=&#8221;1161&#8243; img_size=&#8221;full&#8221; alignment=&#8221;center&#8221; onclick=&#8221;custom_link&#8221; img_link_target=&#8221;_blank&#8221; link=&#8221;http:\/\/braseal.com.br\/catalogopdf\/catalogo-trelleborg-hidraulico-polegadas.pdf&#8221;][vc_single_image image=&#8221;1160&#8243; img_size=&#8221;full&#8221; alignment=&#8221;center&#8221; onclick=&#8221;custom_link&#8221; img_link_target=&#8221;_blank&#8221; link=&#8221;http:\/\/braseal.com.br\/catalogopdf\/catalogo-trelleborg-produtos-vedacao-industrial.pdf&#8221;][vc_single_image image=&#8221;1159&#8243; img_size=&#8221;full&#8221; alignment=&#8221;center&#8221; onclick=&#8221;custom_link&#8221; img_link_target=&#8221;_blank&#8221; link=&#8221;http:\/\/braseal.com.br\/catalogopdf\/catalogo-trelleborg-rotary-seals.pdf&#8221;][vc_single_image image=&#8221;1158&#8243; img_size=&#8221;full&#8221; alignment=&#8221;center&#8221; onclick=&#8221;custom_link&#8221; img_link_target=&#8221;_blank&#8221; link=&#8221;http:\/\/braseal.com.br\/catalogopdf\/catalogo-apc.pdf&#8221;][vc_single_image image=&#8221;1157&#8243; img_size=&#8221;full&#8221; alignment=&#8221;center&#8221; onclick=&#8221;custom_link&#8221; img_link_target=&#8221;_blank&#8221; link=&#8221;http:\/\/braseal.com.br\/catalogopdf\/catalogo-hallite-vedacoes-usinadas.pdf&#8221;][vc_single_image image=&#8221;1156&#8243; img_size=&#8221;full&#8221; alignment=&#8221;center&#8221; onclick=&#8221;custom_link&#8221; img_link_target=&#8221;_blank&#8221; link=&#8221;http:\/\/braseal.com.br\/catalogopdf\/catalogo-merkel-siderurgia-industrial.pdf&#8221;][vc_single_image image=&#8221;1155&#8243; img_size=&#8221;full&#8221; alignment=&#8221;center&#8221; onclick=&#8221;custom_link&#8221; img_link_target=&#8221;_blank&#8221; link=&#8221;http:\/\/braseal.com.br\/catalogopdf\/simrit-catalogo-oficial-linha-brasil.pdf&#8221;][vc_single_image image=&#8221;1154&#8243; img_size=&#8221;full&#8221; alignment=&#8221;center&#8221; onclick=&#8221;custom_link&#8221; img_link_target=&#8221;_blank&#8221; link=&#8221;http:\/\/braseal.com.br\/catalogopdf\/catalogo-geral-belton.pdf&#8221;][vc_single_image image=&#8221;648&#8243; img_size=&#8221;full&#8221; alignment=&#8221;center&#8221; onclick=&#8221;custom_link&#8221; img_link_target=&#8221;_blank&#8221; link=&#8221;http:\/\/braseal.com.br\/wp-content\/uploads\/2021\/11\/catalogo-filtros-completo.pdf&#8221;][\/vc_column][vc_column width=&#8221;1\/4&#8243;][vc_single_image image=&#8221;1152&#8243; img_size=&#8221;full&#8221; alignment=&#8221;center&#8221; onclick=&#8221;custom_link&#8221; img_link_target=&#8221;_blank&#8221; link=&#8221;http:\/\/braseal.com.br\/catalogopdf\/catalogo-trelleborg-hidraulico-milimetrico.pdf&#8221;][vc_single_image image=&#8221;1151&#8243; img_size=&#8221;full&#8221; alignment=&#8221;center&#8221; onclick=&#8221;custom_link&#8221; img_link_target=&#8221;_blank&#8221; link=&#8221;http:\/\/braseal.com.br\/catalogopdf\/catalogo-trelleborg-pneumatic-seals.pdf&#8221;][vc_single_image image=&#8221;1150&#8243; img_size=&#8221;full&#8221; alignment=&#8221;center&#8221; onclick=&#8221;custom_link&#8221; img_link_target=&#8221;_blank&#8221; link=&#8221;http:\/\/braseal.com.br\/catalogopdf\/catalogo-trelleborg-static-seals.pdf&#8221;][vc_single_image image=&#8221;1149&#8243; img_size=&#8221;full&#8221; alignment=&#8221;center&#8221; onclick=&#8221;custom_link&#8221; img_link_target=&#8221;_blank&#8221; link=&#8221;http:\/\/braseal.com.br\/catalogopdf\/catalogo-hallite-vedacoes-hidraulicas.pdf&#8221;][vc_single_image image=&#8221;1146&#8243; img_size=&#8221;full&#8221; alignment=&#8221;center&#8221; onclick=&#8221;custom_link&#8221; img_link_target=&#8221;_blank&#8221; link=&#8221;http:\/\/braseal.com.br\/catalogopdf\/catalogo-merkel-prensas-hidraulicas.pdf&#8221;][vc_single_image image=&#8221;1148&#8243; img_size=&#8221;full&#8221; alignment=&#8221;center&#8221; onclick=&#8221;custom_link&#8221; img_link_target=&#8221;_blank&#8221; link=&#8221;http:\/\/braseal.com.br\/catalogopdf\/catalogo-merkel-injetoras-aluminio.pdf&#8221;][vc_single_image image=&#8221;1147&#8243; img_size=&#8221;full&#8221; alignment=&#8221;center&#8221; onclick=&#8221;custom_link&#8221; img_link_target=&#8221;_blank&#8221; link=&#8221;http:\/\/braseal.com.br\/catalogopdf\/catalogo-conexoes-pneumauticas-linha-sk.pdf&#8221;][vc_single_image image=&#8221;322&#8243; img_size=&#8221;full&#8221; alignment=&#8221;center&#8221; onclick=&#8221;custom_link&#8221; img_link_target=&#8221;_blank&#8221; link=&#8221;https:\/\/braseal.com.br\/wp-content\/uploads\/2025\/01\/CERTIFICADO-BRSP4_000279_GenericCertificate_Final.pdf&#8221;][\/vc_column][vc_column width=&#8221;1\/2&#8243;][vc_single_image image=&#8221;2005&#8243; img_size=&#8221;449&#215;635&#8243; onclick=&#8221;link_image&#8221;][\/vc_column][\/vc_row][vc_row][vc_column][vc_separator][vc_single_image image=&#8221;22&#8243; img_size=&#8221;full&#8221; alignment=&#8221;center&#8221;][vc_row_inner][vc_column_inner width=&#8221;1\/6&#8243;][\/vc_column_inner][vc_column_inner width=&#8221;1\/6&#8243;][vc_single_image image=&#8221;203&#8243; img_size=&#8221;full&#8221; alignment=&#8221;center&#8221; onclick=&#8221;custom_link&#8221; link=&#8221;http:\/\/www.facebook.com\/brasealvedacoes&#8221;][\/vc_column_inner][vc_column_inner width=&#8221;1\/6&#8243;][vc_single_image image=&#8221;204&#8243; img_size=&#8221;full&#8221; alignment=&#8221;center&#8221; onclick=&#8221;custom_link&#8221; link=&#8221;https:\/\/twitter.com\/Braseal&#8221;][\/vc_column_inner][vc_column_inner width=&#8221;1\/6&#8243;][vc_single_image image=&#8221;205&#8243; img_size=&#8221;full&#8221; alignment=&#8221;center&#8221; onclick=&#8221;custom_link&#8221; link=&#8221;https:\/\/www.linkedin.com\/in\/braseal-veda%C3%A7%C3%B5es-81322635\/&#8221;][\/vc_column_inner][vc_column_inner width=&#8221;1\/6&#8243;][vc_single_image image=&#8221;507&#8243; img_size=&#8221;full&#8221; alignment=&#8221;center&#8221; onclick=&#8221;custom_link&#8221; link=&#8221;https:\/\/www.instagram.com\/braseal_vedacoes\/&#8221;][\/vc_column_inner][vc_column_inner width=&#8221;1\/6&#8243;][\/vc_column_inner][\/vc_row_inner][dhvc_form id=&#8221;20&#8243;][\/vc_column][\/vc_row]<\/p>\n","protected":false},"excerpt":{"rendered":"<p>[vc_row full_width=&#8221;stretch_row&#8221; css=&#8221;.vc_custom_1481079967069{padding-top: 50px !important;padding-bottom: 50px !important;}&#8221;][vc_column width=&#8221;1\/4&#8243;][vc_single_image image=&#8221;1161&#8243; img_size=&#8221;full&#8221; alignment=&#8221;center&#8221; onclick=&#8221;custom_link&#8221; img_link_target=&#8221;_blank&#8221; link=&#8221;http:\/\/braseal.com.br\/catalogopdf\/catalogo-trelleborg-hidraulico-polegadas.pdf&#8221;][vc_single_image image=&#8221;1160&#8243; img_size=&#8221;full&#8221; alignment=&#8221;center&#8221; onclick=&#8221;custom_link&#8221; img_link_target=&#8221;_blank&#8221; link=&#8221;http:\/\/braseal.com.br\/catalogopdf\/catalogo-trelleborg-produtos-vedacao-industrial.pdf&#8221;][vc_single_image image=&#8221;1159&#8243; img_size=&#8221;full&#8221; alignment=&#8221;center&#8221; onclick=&#8221;custom_link&#8221; img_link_target=&#8221;_blank&#8221; link=&#8221;http:\/\/braseal.com.br\/catalogopdf\/catalogo-trelleborg-rotary-seals.pdf&#8221;][vc_single_image image=&#8221;1158&#8243; img_size=&#8221;full&#8221; alignment=&#8221;center&#8221; onclick=&#8221;custom_link&#8221; img_link_target=&#8221;_blank&#8221; link=&#8221;http:\/\/braseal.com.br\/catalogopdf\/catalogo-apc.pdf&#8221;][vc_single_image image=&#8221;1157&#8243; img_size=&#8221;full&#8221; alignment=&#8221;center&#8221; onclick=&#8221;custom_link&#8221; img_link_target=&#8221;_blank&#8221; link=&#8221;http:\/\/braseal.com.br\/catalogopdf\/catalogo-hallite-vedacoes-usinadas.pdf&#8221;][vc_single_image image=&#8221;1156&#8243; img_size=&#8221;full&#8221;<span class=\"excerpt-hellip\"> [\u2026]<\/span><\/p>\n","protected":false},"author":1,"featured_media":0,"parent":0,"menu_order":0,"comment_status":"closed","ping_status":"closed","template":"","meta":{"footnotes":""},"class_list":["post-113","page","type-page","status-publish","hentry"],"yoast_head":"<!-- This site is optimized with the Yoast SEO plugin v27.1.1 - https:\/\/yoast.com\/product\/yoast-seo-wordpress\/ -->\n<title>Cat\u00e1logos - Braseal Veda\u00e7\u00f5es<\/title>\n<meta name=\"robots\" content=\"index, follow, max-snippet:-1, max-image-preview:large, max-video-preview:-1\" \/>\n<link rel=\"canonical\" href=\"https:\/\/braseal.com.br\/?page_id=113\" \/>\n<meta property=\"og:locale\" content=\"pt_BR\" \/>\n<meta property=\"og:type\" content=\"article\" \/>\n<meta property=\"og:title\" content=\"Cat\u00e1logos - Braseal Veda\u00e7\u00f5es\" \/>\n<meta property=\"og:description\" content=\"[vc_row full_width=&#8221;stretch_row&#8221; css=&#8221;.vc_custom_1481079967069{padding-top: 50px !important;padding-bottom: 50px !important;}&#8221;][vc_column width=&#8221;1\/4&#8243;][vc_single_image image=&#8221;1161&#8243; img_size=&#8221;full&#8221; alignment=&#8221;center&#8221; onclick=&#8221;custom_link&#8221; img_link_target=&#8221;_blank&#8221; link=&#8221;http:\/\/braseal.com.br\/catalogopdf\/catalogo-trelleborg-hidraulico-polegadas.pdf&#8221;][vc_single_image image=&#8221;1160&#8243; img_size=&#8221;full&#8221; alignment=&#8221;center&#8221; onclick=&#8221;custom_link&#8221; img_link_target=&#8221;_blank&#8221; link=&#8221;http:\/\/braseal.com.br\/catalogopdf\/catalogo-trelleborg-produtos-vedacao-industrial.pdf&#8221;][vc_single_image image=&#8221;1159&#8243; img_size=&#8221;full&#8221; alignment=&#8221;center&#8221; onclick=&#8221;custom_link&#8221; img_link_target=&#8221;_blank&#8221; link=&#8221;http:\/\/braseal.com.br\/catalogopdf\/catalogo-trelleborg-rotary-seals.pdf&#8221;][vc_single_image image=&#8221;1158&#8243; img_size=&#8221;full&#8221; alignment=&#8221;center&#8221; onclick=&#8221;custom_link&#8221; img_link_target=&#8221;_blank&#8221; link=&#8221;http:\/\/braseal.com.br\/catalogopdf\/catalogo-apc.pdf&#8221;][vc_single_image image=&#8221;1157&#8243; img_size=&#8221;full&#8221; alignment=&#8221;center&#8221; onclick=&#8221;custom_link&#8221; img_link_target=&#8221;_blank&#8221; link=&#8221;http:\/\/braseal.com.br\/catalogopdf\/catalogo-hallite-vedacoes-usinadas.pdf&#8221;][vc_single_image image=&#8221;1156&#8243; img_size=&#8221;full&#8221; [\u2026]\" \/>\n<meta property=\"og:url\" content=\"https:\/\/braseal.com.br\/?page_id=113\" \/>\n<meta property=\"og:site_name\" content=\"Braseal Veda\u00e7\u00f5es\" \/>\n<meta property=\"article:modified_time\" content=\"2025-04-09T15:30:16+00:00\" \/>\n<meta name=\"twitter:card\" content=\"summary_large_image\" \/>\n<meta name=\"twitter:label1\" content=\"Est. tempo de leitura\" \/>\n\t<meta name=\"twitter:data1\" content=\"3 minutos\" \/>\n<script type=\"application\/ld+json\" class=\"yoast-schema-graph\">{\"@context\":\"https:\/\/schema.org\",\"@graph\":[{\"@type\":\"WebPage\",\"@id\":\"https:\/\/braseal.com.br\/?page_id=113\",\"url\":\"https:\/\/braseal.com.br\/?page_id=113\",\"name\":\"Cat\u00e1logos - Braseal Veda\u00e7\u00f5es\",\"isPartOf\":{\"@id\":\"https:\/\/braseal.com.br\/#website\"},\"datePublished\":\"2017-01-06T13:38:11+00:00\",\"dateModified\":\"2025-04-09T15:30:16+00:00\",\"breadcrumb\":{\"@id\":\"https:\/\/braseal.com.br\/?page_id=113#breadcrumb\"},\"inLanguage\":\"pt-BR\",\"potentialAction\":[{\"@type\":\"ReadAction\",\"target\":[\"https:\/\/braseal.com.br\/?page_id=113\"]}]},{\"@type\":\"BreadcrumbList\",\"@id\":\"https:\/\/braseal.com.br\/?page_id=113#breadcrumb\",\"itemListElement\":[{\"@type\":\"ListItem\",\"position\":1,\"name\":\"In\u00edcio\",\"item\":\"https:\/\/braseal.com.br\/\"},{\"@type\":\"ListItem\",\"position\":2,\"name\":\"Cat\u00e1logos\"}]},{\"@type\":\"WebSite\",\"@id\":\"https:\/\/braseal.com.br\/#website\",\"url\":\"https:\/\/braseal.com.br\/\",\"name\":\"Braseal Veda\u00e7\u00f5es\",\"description\":\"Somos distribuidores autorizados da Trelleborg, refer\u00eancia em solu\u00e7\u00f5es de veda\u00e7\u00e3o industrial, e da Newtec, especialista em tecnologias de filtragem. Nossa parceria com essas marcas garante produtos de alta qualidade, inova\u00e7\u00e3o e confiabilidade para atender \u00e0s demandas da ind\u00fastria com excel\u00eancia.\",\"publisher\":{\"@id\":\"https:\/\/braseal.com.br\/#organization\"},\"potentialAction\":[{\"@type\":\"SearchAction\",\"target\":{\"@type\":\"EntryPoint\",\"urlTemplate\":\"https:\/\/braseal.com.br\/?s={search_term_string}\"},\"query-input\":{\"@type\":\"PropertyValueSpecification\",\"valueRequired\":true,\"valueName\":\"search_term_string\"}}],\"inLanguage\":\"pt-BR\"},{\"@type\":\"Organization\",\"@id\":\"https:\/\/braseal.com.br\/#organization\",\"name\":\"Braseal Veda\u00e7\u00f5es\",\"url\":\"https:\/\/braseal.com.br\/\",\"logo\":{\"@type\":\"ImageObject\",\"inLanguage\":\"pt-BR\",\"@id\":\"https:\/\/braseal.com.br\/#\/schema\/logo\/image\/\",\"url\":\"https:\/\/braseal.com.br\/wp-content\/uploads\/2017\/02\/logo-braseal.png\",\"contentUrl\":\"https:\/\/braseal.com.br\/wp-content\/uploads\/2017\/02\/logo-braseal.png\",\"width\":162,\"height\":162,\"caption\":\"Braseal Veda\u00e7\u00f5es\"},\"image\":{\"@id\":\"https:\/\/braseal.com.br\/#\/schema\/logo\/image\/\"}}]}<\/script>\n<!-- \/ Yoast SEO plugin. -->","yoast_head_json":{"title":"Cat\u00e1logos - Braseal Veda\u00e7\u00f5es","robots":{"index":"index","follow":"follow","max-snippet":"max-snippet:-1","max-image-preview":"max-image-preview:large","max-video-preview":"max-video-preview:-1"},"canonical":"https:\/\/braseal.com.br\/?page_id=113","og_locale":"pt_BR","og_type":"article","og_title":"Cat\u00e1logos - Braseal Veda\u00e7\u00f5es","og_description":"[vc_row full_width=&#8221;stretch_row&#8221; css=&#8221;.vc_custom_1481079967069{padding-top: 50px !important;padding-bottom: 50px !important;}&#8221;][vc_column width=&#8221;1\/4&#8243;][vc_single_image image=&#8221;1161&#8243; img_size=&#8221;full&#8221; alignment=&#8221;center&#8221; onclick=&#8221;custom_link&#8221; img_link_target=&#8221;_blank&#8221; link=&#8221;http:\/\/braseal.com.br\/catalogopdf\/catalogo-trelleborg-hidraulico-polegadas.pdf&#8221;][vc_single_image image=&#8221;1160&#8243; img_size=&#8221;full&#8221; alignment=&#8221;center&#8221; onclick=&#8221;custom_link&#8221; img_link_target=&#8221;_blank&#8221; link=&#8221;http:\/\/braseal.com.br\/catalogopdf\/catalogo-trelleborg-produtos-vedacao-industrial.pdf&#8221;][vc_single_image image=&#8221;1159&#8243; img_size=&#8221;full&#8221; alignment=&#8221;center&#8221; onclick=&#8221;custom_link&#8221; img_link_target=&#8221;_blank&#8221; link=&#8221;http:\/\/braseal.com.br\/catalogopdf\/catalogo-trelleborg-rotary-seals.pdf&#8221;][vc_single_image image=&#8221;1158&#8243; img_size=&#8221;full&#8221; alignment=&#8221;center&#8221; onclick=&#8221;custom_link&#8221; img_link_target=&#8221;_blank&#8221; link=&#8221;http:\/\/braseal.com.br\/catalogopdf\/catalogo-apc.pdf&#8221;][vc_single_image image=&#8221;1157&#8243; img_size=&#8221;full&#8221; alignment=&#8221;center&#8221; onclick=&#8221;custom_link&#8221; img_link_target=&#8221;_blank&#8221; link=&#8221;http:\/\/braseal.com.br\/catalogopdf\/catalogo-hallite-vedacoes-usinadas.pdf&#8221;][vc_single_image image=&#8221;1156&#8243; img_size=&#8221;full&#8221; [\u2026]","og_url":"https:\/\/braseal.com.br\/?page_id=113","og_site_name":"Braseal Veda\u00e7\u00f5es","article_modified_time":"2025-04-09T15:30:16+00:00","twitter_card":"summary_large_image","twitter_misc":{"Est. tempo de leitura":"3 minutos"},"schema":{"@context":"https:\/\/schema.org","@graph":[{"@type":"WebPage","@id":"https:\/\/braseal.com.br\/?page_id=113","url":"https:\/\/braseal.com.br\/?page_id=113","name":"Cat\u00e1logos - Braseal Veda\u00e7\u00f5es","isPartOf":{"@id":"https:\/\/braseal.com.br\/#website"},"datePublished":"2017-01-06T13:38:11+00:00","dateModified":"2025-04-09T15:30:16+00:00","breadcrumb":{"@id":"https:\/\/braseal.com.br\/?page_id=113#breadcrumb"},"inLanguage":"pt-BR","potentialAction":[{"@type":"ReadAction","target":["https:\/\/braseal.com.br\/?page_id=113"]}]},{"@type":"BreadcrumbList","@id":"https:\/\/braseal.com.br\/?page_id=113#breadcrumb","itemListElement":[{"@type":"ListItem","position":1,"name":"In\u00edcio","item":"https:\/\/braseal.com.br\/"},{"@type":"ListItem","position":2,"name":"Cat\u00e1logos"}]},{"@type":"WebSite","@id":"https:\/\/braseal.com.br\/#website","url":"https:\/\/braseal.com.br\/","name":"Braseal Veda\u00e7\u00f5es","description":"Somos distribuidores autorizados da Trelleborg, refer\u00eancia em solu\u00e7\u00f5es de veda\u00e7\u00e3o industrial, e da Newtec, especialista em tecnologias de filtragem. Nossa parceria com essas marcas garante produtos de alta qualidade, inova\u00e7\u00e3o e confiabilidade para atender \u00e0s demandas da ind\u00fastria com excel\u00eancia.","publisher":{"@id":"https:\/\/braseal.com.br\/#organization"},"potentialAction":[{"@type":"SearchAction","target":{"@type":"EntryPoint","urlTemplate":"https:\/\/braseal.com.br\/?s={search_term_string}"},"query-input":{"@type":"PropertyValueSpecification","valueRequired":true,"valueName":"search_term_string"}}],"inLanguage":"pt-BR"},{"@type":"Organization","@id":"https:\/\/braseal.com.br\/#organization","name":"Braseal Veda\u00e7\u00f5es","url":"https:\/\/braseal.com.br\/","logo":{"@type":"ImageObject","inLanguage":"pt-BR","@id":"https:\/\/braseal.com.br\/#\/schema\/logo\/image\/","url":"https:\/\/braseal.com.br\/wp-content\/uploads\/2017\/02\/logo-braseal.png","contentUrl":"https:\/\/braseal.com.br\/wp-content\/uploads\/2017\/02\/logo-braseal.png","width":162,"height":162,"caption":"Braseal Veda\u00e7\u00f5es"},"image":{"@id":"https:\/\/braseal.com.br\/#\/schema\/logo\/image\/"}}]}},"_links":{"self":[{"href":"https:\/\/braseal.com.br\/index.php?rest_route=\/wp\/v2\/pages\/113","targetHints":{"allow":["GET"]}}],"collection":[{"href":"https:\/\/braseal.com.br\/index.php?rest_route=\/wp\/v2\/pages"}],"about":[{"href":"https:\/\/braseal.com.br\/index.php?rest_route=\/wp\/v2\/types\/page"}],"author":[{"embeddable":true,"href":"https:\/\/braseal.com.br\/index.php?rest_route=\/wp\/v2\/users\/1"}],"replies":[{"embeddable":true,"href":"https:\/\/braseal.com.br\/index.php?rest_route=%2Fwp%2Fv2%2Fcomments&post=113"}],"version-history":[{"count":39,"href":"https:\/\/braseal.com.br\/index.php?rest_route=\/wp\/v2\/pages\/113\/revisions"}],"predecessor-version":[{"id":2006,"href":"https:\/\/braseal.com.br\/index.php?rest_route=\/wp\/v2\/pages\/113\/revisions\/2006"}],"wp:attachment":[{"href":"https:\/\/braseal.com.br\/index.php?rest_route=%2Fwp%2Fv2%2Fmedia&parent=113"}],"curies":[{"name":"wp","href":"https:\/\/api.w.org\/{rel}","templated":true}]}}