{"id":251,"date":"2018-04-05T21:04:34","date_gmt":"2018-04-06T00:04:34","guid":{"rendered":"http:\/\/braseal.com.br\/?page_id=251"},"modified":"2025-09-08T17:36:39","modified_gmt":"2025-09-08T20:36:39","slug":"a-empresa","status":"publish","type":"page","link":"https:\/\/braseal.com.br\/?page_id=251","title":{"rendered":"A Empresa"},"content":{"rendered":"\t\t<div data-elementor-type=\"wp-page\" data-elementor-id=\"251\" class=\"elementor elementor-251\">\n\t\t\t\t<div class=\"elementor-element elementor-element-f10818a e-flex e-con-boxed wpr-particle-no wpr-jarallax-no wpr-parallax-no wpr-sticky-section-no wpr-equal-height-no e-con e-parent\" data-id=\"f10818a\" data-element_type=\"container\" data-e-type=\"container\">\n\t\t\t\t\t<div class=\"e-con-inner\">\n\t\t\t\t<div class=\"elementor-element elementor-element-a87165d elementor-widget elementor-widget-spacer\" data-id=\"a87165d\" data-element_type=\"widget\" data-e-type=\"widget\" data-widget_type=\"spacer.default\">\n\t\t\t\t<div class=\"elementor-widget-container\">\n\t\t\t\t\t\t\t<div class=\"elementor-spacer\">\n\t\t\t<div class=\"elementor-spacer-inner\"><\/div>\n\t\t<\/div>\n\t\t\t\t\t\t<\/div>\n\t\t\t\t<\/div>\n\t\t\t\t\t<\/div>\n\t\t\t\t<\/div>\n\t\t<div class=\"elementor-element elementor-element-c189f35 e-flex e-con-boxed wpr-particle-no wpr-jarallax-no wpr-parallax-no wpr-sticky-section-no wpr-equal-height-no e-con e-parent\" data-id=\"c189f35\" data-element_type=\"container\" data-e-type=\"container\">\n\t\t\t\t\t<div class=\"e-con-inner\">\n\t\t\t\t<div class=\"elementor-element elementor-element-bac8a76 elementor-widget elementor-widget-image\" data-id=\"bac8a76\" data-element_type=\"widget\" data-e-type=\"widget\" data-widget_type=\"image.default\">\n\t\t\t\t<div class=\"elementor-widget-container\">\n\t\t\t\t\t\t\t\t\t\t\t\t\t\t\t<img fetchpriority=\"high\" decoding=\"async\" width=\"1024\" height=\"370\" src=\"https:\/\/braseal.com.br\/wp-content\/uploads\/2016\/12\/empresabraseal-1024x370.jpg\" class=\"attachment-large size-large wp-image-200\" alt=\"\" srcset=\"https:\/\/braseal.com.br\/wp-content\/uploads\/2016\/12\/empresabraseal-1024x370.jpg 1024w, https:\/\/braseal.com.br\/wp-content\/uploads\/2016\/12\/empresabraseal-300x108.jpg 300w, https:\/\/braseal.com.br\/wp-content\/uploads\/2016\/12\/empresabraseal-768x277.jpg 768w, https:\/\/braseal.com.br\/wp-content\/uploads\/2016\/12\/empresabraseal-260x94.jpg 260w, https:\/\/braseal.com.br\/wp-content\/uploads\/2016\/12\/empresabraseal-50x18.jpg 50w, https:\/\/braseal.com.br\/wp-content\/uploads\/2016\/12\/empresabraseal-150x54.jpg 150w, https:\/\/braseal.com.br\/wp-content\/uploads\/2016\/12\/empresabraseal.jpg 1207w\" sizes=\"(max-width: 1024px) 100vw, 1024px\" \/>\t\t\t\t\t\t\t\t\t\t\t\t\t\t\t<\/div>\n\t\t\t\t<\/div>\n\t\t\t\t\t<\/div>\n\t\t\t\t<\/div>\n\t\t<div class=\"elementor-element elementor-element-540b56e e-flex e-con-boxed wpr-particle-no wpr-jarallax-no wpr-parallax-no wpr-sticky-section-no wpr-equal-height-no e-con e-parent\" data-id=\"540b56e\" data-element_type=\"container\" data-e-type=\"container\">\n\t\t\t\t\t<div class=\"e-con-inner\">\n\t\t\t\t<div class=\"elementor-element elementor-element-a8fc224 elementor-widget elementor-widget-spacer\" data-id=\"a8fc224\" data-element_type=\"widget\" data-e-type=\"widget\" data-widget_type=\"spacer.default\">\n\t\t\t\t<div class=\"elementor-widget-container\">\n\t\t\t\t\t\t\t<div class=\"elementor-spacer\">\n\t\t\t<div class=\"elementor-spacer-inner\"><\/div>\n\t\t<\/div>\n\t\t\t\t\t\t<\/div>\n\t\t\t\t<\/div>\n\t\t\t\t\t<\/div>\n\t\t\t\t<\/div>\n\t\t<div class=\"elementor-element elementor-element-cadd676 e-flex e-con-boxed wpr-particle-no wpr-jarallax-no wpr-parallax-no wpr-sticky-section-no wpr-equal-height-no e-con e-parent\" data-id=\"cadd676\" data-element_type=\"container\" data-e-type=\"container\">\n\t\t\t\t\t<div class=\"e-con-inner\">\n\t\t<div class=\"elementor-element elementor-element-5fbe804 e-con-full e-flex wpr-particle-no wpr-jarallax-no wpr-parallax-no wpr-sticky-section-no wpr-equal-height-no e-con e-child\" data-id=\"5fbe804\" data-element_type=\"container\" data-e-type=\"container\">\n\t\t\t\t<div class=\"elementor-element elementor-element-7321d61 elementor-widget elementor-widget-text-editor\" data-id=\"7321d61\" data-element_type=\"widget\" data-e-type=\"widget\" data-widget_type=\"text-editor.default\">\n\t\t\t\t<div class=\"elementor-widget-container\">\n\t\t\t\t\t\t\t\t\t<h1>A Empresa<\/h1><p>A Braseal Veda\u00e7\u00f5es, que desde 1995 vem comercializando veda\u00e7\u00f5es que atendem a todos os ramos, \u00e9 especializada em An\u00e9is O\u00b4rings, Retentores, An\u00e9is Raspadores, Gaxetas de v\u00e1rios perfis e artefatos de borracha. Durante todos estes anos estamos sempre aprimorando nossas vendas, procurando o que h\u00e1 de melhor no mercado de veda\u00e7\u00f5es.<\/p><p>Atendemos a todos os setores que fazem uso delas, como o de bombas, cilindros hidr\u00e1ulicos e pneum\u00e1ticos para injetoras de pl\u00e1stico e sider\u00fargicas, setor aliment\u00edcio, agr\u00edcola, el\u00e9trico, etc. Estamos sempre diversificando ainda mais nossas veda\u00e7\u00f5es para que nossos clientes fiquem satisfeitos com a qualidade de nossos produtos.<\/p><p>Nos encontramos prontamente dispostos, com pessoal altamente treinado para melhor atend\u00ea-lo. Qualquer que seja o problema existente, solicite a orienta\u00e7\u00e3o de nosso departamento t\u00e9cnico e especializado que lhe apresentar\u00e1 sempre a melhor solu\u00e7\u00e3o.<\/p><h1>Miss\u00e3o<\/h1><p>Contribuir para o Sucesso de nossos clientes oferecendo material de qualidade e pontualidade ao cliente.<\/p><h1>Vis\u00e3o<\/h1><p>Ser refer\u00eancia de empresa cidad\u00e3, destino natural e desejos de todos os profissionais dos segmentos em que atuamos.<\/p><h1>Conceitos<\/h1><p>\u2022 Somos uma empresa que gosta de fazer bons neg\u00f3cios;<br \/>\u2022 Temos prazer em servir ao cliente;<br \/>\u2022 Somos disciplinados.<\/p><h1>Valores<\/h1><p>\u2022 Integridade<br \/>\u2022 Comprometimento<br \/>\u2022 M\u00e3o na massa<br \/>\u2022 Simplicidade<br \/>\u2022 Garra<br \/>\u2022 Sustentabilidade<\/p><h1>Pol\u00edtica de Qualidade<\/h1><p style=\"text-align: left;\">A BRASEAL VEDA\u00c7\u00d5ES INDUSTRIAIS LTDA. Comercializa produtos Hidr\u00e1ulicos &amp; Pneum\u00e1ticos buscando constantemente promover a melhoria de seus processos e produtos por meio dos seguintes compromissos:<\/p><p style=\"text-align: left;\">\u2022 Atender os requisitos dos nossos cliente buscando atender suas necessidades com o prop\u00f3sito de aumentar a sua satisfa\u00e7\u00e3o.<\/p><p style=\"text-align: left;\">\u2022 Estabelecer um relacionamento de parceria e \u00e9tica com nossos fornecedores de forma a assegurar a conformidade para garantia da revenda com qualidade.<\/p><p style=\"text-align: left;\">\u2022 Garantir que todos colaboradores conhe\u00e7am, entendam e sigam os requisitos de qualidade.<\/p>\t\t\t\t\t\t\t\t<\/div>\n\t\t\t\t<\/div>\n\t\t\t\t<\/div>\n\t\t<div class=\"elementor-element elementor-element-dd08089 e-con-full e-flex wpr-particle-no wpr-jarallax-no wpr-parallax-no wpr-sticky-section-no wpr-equal-height-no e-con e-child\" data-id=\"dd08089\" data-element_type=\"container\" data-e-type=\"container\">\n\t\t<div class=\"elementor-element elementor-element-ecc67ed e-flex e-con-boxed wpr-particle-no wpr-jarallax-no wpr-parallax-no wpr-sticky-section-no wpr-equal-height-no e-con e-child\" data-id=\"ecc67ed\" data-element_type=\"container\" data-e-type=\"container\">\n\t\t\t\t\t<div class=\"e-con-inner\">\n\t\t\t\t<div class=\"elementor-element elementor-element-bd2f2d3 elementor-widget elementor-widget-image\" data-id=\"bd2f2d3\" data-element_type=\"widget\" data-e-type=\"widget\" data-widget_type=\"image.default\">\n\t\t\t\t<div class=\"elementor-widget-container\">\n\t\t\t\t\t\t\t\t\t\t\t\t\t\t\t<img decoding=\"async\" width=\"1024\" height=\"593\" src=\"https:\/\/braseal.com.br\/wp-content\/uploads\/2023\/11\/SGS-ISO-9001-UKAS_TCL_HR-1024x593.jpg\" class=\"attachment-large size-large wp-image-809\" alt=\"\" srcset=\"https:\/\/braseal.com.br\/wp-content\/uploads\/2023\/11\/SGS-ISO-9001-UKAS_TCL_HR-1024x593.jpg 1024w, https:\/\/braseal.com.br\/wp-content\/uploads\/2023\/11\/SGS-ISO-9001-UKAS_TCL_HR-300x174.jpg 300w, https:\/\/braseal.com.br\/wp-content\/uploads\/2023\/11\/SGS-ISO-9001-UKAS_TCL_HR-768x445.jpg 768w, https:\/\/braseal.com.br\/wp-content\/uploads\/2023\/11\/SGS-ISO-9001-UKAS_TCL_HR-252x146.jpg 252w, https:\/\/braseal.com.br\/wp-content\/uploads\/2023\/11\/SGS-ISO-9001-UKAS_TCL_HR-50x29.jpg 50w, https:\/\/braseal.com.br\/wp-content\/uploads\/2023\/11\/SGS-ISO-9001-UKAS_TCL_HR-129x75.jpg 129w, https:\/\/braseal.com.br\/wp-content\/uploads\/2023\/11\/SGS-ISO-9001-UKAS_TCL_HR.jpg 1272w\" sizes=\"(max-width: 1024px) 100vw, 1024px\" \/>\t\t\t\t\t\t\t\t\t\t\t\t\t\t\t<\/div>\n\t\t\t\t<\/div>\n\t\t\t\t<div class=\"elementor-element elementor-element-44293c7 elementor-widget elementor-widget-spacer\" data-id=\"44293c7\" data-element_type=\"widget\" data-e-type=\"widget\" data-widget_type=\"spacer.default\">\n\t\t\t\t<div class=\"elementor-widget-container\">\n\t\t\t\t\t\t\t<div class=\"elementor-spacer\">\n\t\t\t<div class=\"elementor-spacer-inner\"><\/div>\n\t\t<\/div>\n\t\t\t\t\t\t<\/div>\n\t\t\t\t<\/div>\n\t\t\t\t\t<\/div>\n\t\t\t\t<\/div>\n\t\t<div class=\"elementor-element elementor-element-ac5b973 e-flex e-con-boxed wpr-particle-no wpr-jarallax-no wpr-parallax-no wpr-sticky-section-no wpr-equal-height-no e-con e-child\" data-id=\"ac5b973\" data-element_type=\"container\" data-e-type=\"container\">\n\t\t\t\t\t<div class=\"e-con-inner\">\n\t\t\t\t<div class=\"elementor-element elementor-element-a25f3ea elementor-widget elementor-widget-image\" data-id=\"a25f3ea\" data-element_type=\"widget\" data-e-type=\"widget\" data-widget_type=\"image.default\">\n\t\t\t\t<div class=\"elementor-widget-container\">\n\t\t\t\t\t\t\t\t\t\t\t\t\t\t\t<img decoding=\"async\" width=\"724\" height=\"1024\" src=\"https:\/\/braseal.com.br\/wp-content\/uploads\/2023\/11\/1699671186293-e2db80ed-3b4f-4441-8bfb-6686d77ac69d_1-1.jpg\" class=\"attachment-large size-large wp-image-813\" alt=\"\" srcset=\"https:\/\/braseal.com.br\/wp-content\/uploads\/2023\/11\/1699671186293-e2db80ed-3b4f-4441-8bfb-6686d77ac69d_1-1.jpg 724w, https:\/\/braseal.com.br\/wp-content\/uploads\/2023\/11\/1699671186293-e2db80ed-3b4f-4441-8bfb-6686d77ac69d_1-1-212x300.jpg 212w, https:\/\/braseal.com.br\/wp-content\/uploads\/2023\/11\/1699671186293-e2db80ed-3b4f-4441-8bfb-6686d77ac69d_1-1-103x146.jpg 103w, https:\/\/braseal.com.br\/wp-content\/uploads\/2023\/11\/1699671186293-e2db80ed-3b4f-4441-8bfb-6686d77ac69d_1-1-35x50.jpg 35w, https:\/\/braseal.com.br\/wp-content\/uploads\/2023\/11\/1699671186293-e2db80ed-3b4f-4441-8bfb-6686d77ac69d_1-1-53x75.jpg 53w\" sizes=\"(max-width: 724px) 100vw, 724px\" \/>\t\t\t\t\t\t\t\t\t\t\t\t\t\t\t<\/div>\n\t\t\t\t<\/div>\n\t\t\t\t<div class=\"elementor-element elementor-element-8762723 elementor-widget elementor-widget-image\" data-id=\"8762723\" data-element_type=\"widget\" data-e-type=\"widget\" data-widget_type=\"image.default\">\n\t\t\t\t<div class=\"elementor-widget-container\">\n\t\t\t\t\t\t\t\t\t\t\t\t\t\t\t<img loading=\"lazy\" decoding=\"async\" width=\"1024\" height=\"238\" src=\"https:\/\/braseal.com.br\/wp-content\/uploads\/2025\/09\/selo-cor-horizontal-1024x238.webp\" class=\"attachment-large size-large wp-image-2083 has-transparency\" alt=\"\" srcset=\"https:\/\/braseal.com.br\/wp-content\/uploads\/2025\/09\/selo-cor-horizontal-1024x238.webp 1024w, https:\/\/braseal.com.br\/wp-content\/uploads\/2025\/09\/selo-cor-horizontal-300x70.webp 300w, https:\/\/braseal.com.br\/wp-content\/uploads\/2025\/09\/selo-cor-horizontal-768x178.webp 768w, https:\/\/braseal.com.br\/wp-content\/uploads\/2025\/09\/selo-cor-horizontal-320x74.webp 320w, https:\/\/braseal.com.br\/wp-content\/uploads\/2025\/09\/selo-cor-horizontal-480x111.webp 480w, https:\/\/braseal.com.br\/wp-content\/uploads\/2025\/09\/selo-cor-horizontal-800x186.webp 800w, https:\/\/braseal.com.br\/wp-content\/uploads\/2025\/09\/selo-cor-horizontal-260x60.webp 260w, https:\/\/braseal.com.br\/wp-content\/uploads\/2025\/09\/selo-cor-horizontal-50x12.webp 50w, https:\/\/braseal.com.br\/wp-content\/uploads\/2025\/09\/selo-cor-horizontal-150x35.webp 150w, https:\/\/braseal.com.br\/wp-content\/uploads\/2025\/09\/selo-cor-horizontal.webp 1366w\" sizes=\"(max-width: 1024px) 100vw, 1024px\" data-has-transparency=\"true\" data-dominant-color=\"10202a\" style=\"--dominant-color: #10202a\" \/>\t\t\t\t\t\t\t\t\t\t\t\t\t\t\t<\/div>\n\t\t\t\t<\/div>\n\t\t\t\t\t<\/div>\n\t\t\t\t<\/div>\n\t\t\t\t<\/div>\n\t\t\t\t\t<\/div>\n\t\t\t\t<\/div>\n\t\t\t\t<\/div>\n\t\t","protected":false},"excerpt":{"rendered":"<p>A Empresa A Braseal Veda\u00e7\u00f5es, que desde 1995 vem comercializando veda\u00e7\u00f5es que atendem a todos os ramos, \u00e9 especializada em An\u00e9is O\u00b4rings, Retentores, An\u00e9is Raspadores, Gaxetas de v\u00e1rios perfis e artefatos de borracha. Durante todos estes anos estamos sempre aprimorando<span class=\"excerpt-hellip\"> [\u2026]<\/span><\/p>\n","protected":false},"author":1,"featured_media":0,"parent":0,"menu_order":0,"comment_status":"closed","ping_status":"closed","template":"","meta":{"footnotes":""},"class_list":["post-251","page","type-page","status-publish","hentry"],"yoast_head":"<!-- This site is optimized with the Yoast SEO plugin v27.4 - https:\/\/yoast.com\/product\/yoast-seo-wordpress\/ -->\n<title>A Empresa - Braseal Veda\u00e7\u00f5es<\/title>\n<meta name=\"robots\" content=\"index, follow, max-snippet:-1, max-image-preview:large, max-video-preview:-1\" \/>\n<link rel=\"canonical\" href=\"https:\/\/braseal.com.br\/?page_id=251\" \/>\n<meta property=\"og:locale\" content=\"pt_BR\" \/>\n<meta property=\"og:type\" content=\"article\" \/>\n<meta property=\"og:title\" content=\"A Empresa - Braseal Veda\u00e7\u00f5es\" \/>\n<meta property=\"og:description\" content=\"A Empresa A Braseal Veda\u00e7\u00f5es, que desde 1995 vem comercializando veda\u00e7\u00f5es que atendem a todos os ramos, \u00e9 especializada em An\u00e9is O\u00b4rings, Retentores, An\u00e9is Raspadores, Gaxetas de v\u00e1rios perfis e artefatos de borracha. Durante todos estes anos estamos sempre aprimorando [\u2026]\" \/>\n<meta property=\"og:url\" content=\"https:\/\/braseal.com.br\/?page_id=251\" \/>\n<meta property=\"og:site_name\" content=\"Braseal Veda\u00e7\u00f5es\" \/>\n<meta property=\"article:modified_time\" content=\"2025-09-08T20:36:39+00:00\" \/>\n<meta property=\"og:image\" content=\"https:\/\/braseal.com.br\/wp-content\/uploads\/2016\/12\/empresabraseal.jpg\" \/>\n\t<meta property=\"og:image:width\" content=\"1207\" \/>\n\t<meta property=\"og:image:height\" content=\"436\" \/>\n\t<meta property=\"og:image:type\" content=\"image\/jpeg\" \/>\n<meta name=\"twitter:card\" content=\"summary_large_image\" \/>\n<meta name=\"twitter:label1\" content=\"Est. tempo de leitura\" \/>\n\t<meta name=\"twitter:data1\" content=\"3 minutos\" \/>\n<script type=\"application\/ld+json\" class=\"yoast-schema-graph\">{\"@context\":\"https:\\\/\\\/schema.org\",\"@graph\":[{\"@type\":\"WebPage\",\"@id\":\"https:\\\/\\\/braseal.com.br\\\/?page_id=251\",\"url\":\"https:\\\/\\\/braseal.com.br\\\/?page_id=251\",\"name\":\"A Empresa - Braseal Veda\u00e7\u00f5es\",\"isPartOf\":{\"@id\":\"https:\\\/\\\/braseal.com.br\\\/#website\"},\"primaryImageOfPage\":{\"@id\":\"https:\\\/\\\/braseal.com.br\\\/?page_id=251#primaryimage\"},\"image\":{\"@id\":\"https:\\\/\\\/braseal.com.br\\\/?page_id=251#primaryimage\"},\"thumbnailUrl\":\"https:\\\/\\\/braseal.com.br\\\/wp-content\\\/uploads\\\/2016\\\/12\\\/empresabraseal-1024x370.jpg\",\"datePublished\":\"2018-04-06T00:04:34+00:00\",\"dateModified\":\"2025-09-08T20:36:39+00:00\",\"breadcrumb\":{\"@id\":\"https:\\\/\\\/braseal.com.br\\\/?page_id=251#breadcrumb\"},\"inLanguage\":\"pt-BR\",\"potentialAction\":[{\"@type\":\"ReadAction\",\"target\":[\"https:\\\/\\\/braseal.com.br\\\/?page_id=251\"]}]},{\"@type\":\"ImageObject\",\"inLanguage\":\"pt-BR\",\"@id\":\"https:\\\/\\\/braseal.com.br\\\/?page_id=251#primaryimage\",\"url\":\"https:\\\/\\\/braseal.com.br\\\/wp-content\\\/uploads\\\/2016\\\/12\\\/empresabraseal.jpg\",\"contentUrl\":\"https:\\\/\\\/braseal.com.br\\\/wp-content\\\/uploads\\\/2016\\\/12\\\/empresabraseal.jpg\",\"width\":1207,\"height\":436},{\"@type\":\"BreadcrumbList\",\"@id\":\"https:\\\/\\\/braseal.com.br\\\/?page_id=251#breadcrumb\",\"itemListElement\":[{\"@type\":\"ListItem\",\"position\":1,\"name\":\"In\u00edcio\",\"item\":\"https:\\\/\\\/braseal.com.br\\\/\"},{\"@type\":\"ListItem\",\"position\":2,\"name\":\"A Empresa\"}]},{\"@type\":\"WebSite\",\"@id\":\"https:\\\/\\\/braseal.com.br\\\/#website\",\"url\":\"https:\\\/\\\/braseal.com.br\\\/\",\"name\":\"Braseal Veda\u00e7\u00f5es\",\"description\":\"Somos distribuidores autorizados da Trelleborg, refer\u00eancia em solu\u00e7\u00f5es de veda\u00e7\u00e3o industrial, e da Newtec, especialista em tecnologias de filtragem. Nossa parceria com essas marcas garante produtos de alta qualidade, inova\u00e7\u00e3o e confiabilidade para atender \u00e0s demandas da ind\u00fastria com excel\u00eancia.\",\"publisher\":{\"@id\":\"https:\\\/\\\/braseal.com.br\\\/#organization\"},\"potentialAction\":[{\"@type\":\"SearchAction\",\"target\":{\"@type\":\"EntryPoint\",\"urlTemplate\":\"https:\\\/\\\/braseal.com.br\\\/?s={search_term_string}\"},\"query-input\":{\"@type\":\"PropertyValueSpecification\",\"valueRequired\":true,\"valueName\":\"search_term_string\"}}],\"inLanguage\":\"pt-BR\"},{\"@type\":\"Organization\",\"@id\":\"https:\\\/\\\/braseal.com.br\\\/#organization\",\"name\":\"Braseal Veda\u00e7\u00f5es\",\"url\":\"https:\\\/\\\/braseal.com.br\\\/\",\"logo\":{\"@type\":\"ImageObject\",\"inLanguage\":\"pt-BR\",\"@id\":\"https:\\\/\\\/braseal.com.br\\\/#\\\/schema\\\/logo\\\/image\\\/\",\"url\":\"https:\\\/\\\/braseal.com.br\\\/wp-content\\\/uploads\\\/2017\\\/02\\\/logo-braseal.png\",\"contentUrl\":\"https:\\\/\\\/braseal.com.br\\\/wp-content\\\/uploads\\\/2017\\\/02\\\/logo-braseal.png\",\"width\":162,\"height\":162,\"caption\":\"Braseal Veda\u00e7\u00f5es\"},\"image\":{\"@id\":\"https:\\\/\\\/braseal.com.br\\\/#\\\/schema\\\/logo\\\/image\\\/\"}}]}<\/script>\n<!-- \/ Yoast SEO plugin. -->","yoast_head_json":{"title":"A Empresa - Braseal Veda\u00e7\u00f5es","robots":{"index":"index","follow":"follow","max-snippet":"max-snippet:-1","max-image-preview":"max-image-preview:large","max-video-preview":"max-video-preview:-1"},"canonical":"https:\/\/braseal.com.br\/?page_id=251","og_locale":"pt_BR","og_type":"article","og_title":"A Empresa - Braseal Veda\u00e7\u00f5es","og_description":"A Empresa A Braseal Veda\u00e7\u00f5es, que desde 1995 vem comercializando veda\u00e7\u00f5es que atendem a todos os ramos, \u00e9 especializada em An\u00e9is O\u00b4rings, Retentores, An\u00e9is Raspadores, Gaxetas de v\u00e1rios perfis e artefatos de borracha. Durante todos estes anos estamos sempre aprimorando [\u2026]","og_url":"https:\/\/braseal.com.br\/?page_id=251","og_site_name":"Braseal Veda\u00e7\u00f5es","article_modified_time":"2025-09-08T20:36:39+00:00","og_image":[{"width":1207,"height":436,"url":"https:\/\/braseal.com.br\/wp-content\/uploads\/2016\/12\/empresabraseal.jpg","type":"image\/jpeg"}],"twitter_card":"summary_large_image","twitter_misc":{"Est. tempo de leitura":"3 minutos"},"schema":{"@context":"https:\/\/schema.org","@graph":[{"@type":"WebPage","@id":"https:\/\/braseal.com.br\/?page_id=251","url":"https:\/\/braseal.com.br\/?page_id=251","name":"A Empresa - Braseal Veda\u00e7\u00f5es","isPartOf":{"@id":"https:\/\/braseal.com.br\/#website"},"primaryImageOfPage":{"@id":"https:\/\/braseal.com.br\/?page_id=251#primaryimage"},"image":{"@id":"https:\/\/braseal.com.br\/?page_id=251#primaryimage"},"thumbnailUrl":"https:\/\/braseal.com.br\/wp-content\/uploads\/2016\/12\/empresabraseal-1024x370.jpg","datePublished":"2018-04-06T00:04:34+00:00","dateModified":"2025-09-08T20:36:39+00:00","breadcrumb":{"@id":"https:\/\/braseal.com.br\/?page_id=251#breadcrumb"},"inLanguage":"pt-BR","potentialAction":[{"@type":"ReadAction","target":["https:\/\/braseal.com.br\/?page_id=251"]}]},{"@type":"ImageObject","inLanguage":"pt-BR","@id":"https:\/\/braseal.com.br\/?page_id=251#primaryimage","url":"https:\/\/braseal.com.br\/wp-content\/uploads\/2016\/12\/empresabraseal.jpg","contentUrl":"https:\/\/braseal.com.br\/wp-content\/uploads\/2016\/12\/empresabraseal.jpg","width":1207,"height":436},{"@type":"BreadcrumbList","@id":"https:\/\/braseal.com.br\/?page_id=251#breadcrumb","itemListElement":[{"@type":"ListItem","position":1,"name":"In\u00edcio","item":"https:\/\/braseal.com.br\/"},{"@type":"ListItem","position":2,"name":"A Empresa"}]},{"@type":"WebSite","@id":"https:\/\/braseal.com.br\/#website","url":"https:\/\/braseal.com.br\/","name":"Braseal Veda\u00e7\u00f5es","description":"Somos distribuidores autorizados da Trelleborg, refer\u00eancia em solu\u00e7\u00f5es de veda\u00e7\u00e3o industrial, e da Newtec, especialista em tecnologias de filtragem. Nossa parceria com essas marcas garante produtos de alta qualidade, inova\u00e7\u00e3o e confiabilidade para atender \u00e0s demandas da ind\u00fastria com excel\u00eancia.","publisher":{"@id":"https:\/\/braseal.com.br\/#organization"},"potentialAction":[{"@type":"SearchAction","target":{"@type":"EntryPoint","urlTemplate":"https:\/\/braseal.com.br\/?s={search_term_string}"},"query-input":{"@type":"PropertyValueSpecification","valueRequired":true,"valueName":"search_term_string"}}],"inLanguage":"pt-BR"},{"@type":"Organization","@id":"https:\/\/braseal.com.br\/#organization","name":"Braseal Veda\u00e7\u00f5es","url":"https:\/\/braseal.com.br\/","logo":{"@type":"ImageObject","inLanguage":"pt-BR","@id":"https:\/\/braseal.com.br\/#\/schema\/logo\/image\/","url":"https:\/\/braseal.com.br\/wp-content\/uploads\/2017\/02\/logo-braseal.png","contentUrl":"https:\/\/braseal.com.br\/wp-content\/uploads\/2017\/02\/logo-braseal.png","width":162,"height":162,"caption":"Braseal Veda\u00e7\u00f5es"},"image":{"@id":"https:\/\/braseal.com.br\/#\/schema\/logo\/image\/"}}]}},"_links":{"self":[{"href":"https:\/\/braseal.com.br\/index.php?rest_route=\/wp\/v2\/pages\/251","targetHints":{"allow":["GET"]}}],"collection":[{"href":"https:\/\/braseal.com.br\/index.php?rest_route=\/wp\/v2\/pages"}],"about":[{"href":"https:\/\/braseal.com.br\/index.php?rest_route=\/wp\/v2\/types\/page"}],"author":[{"embeddable":true,"href":"https:\/\/braseal.com.br\/index.php?rest_route=\/wp\/v2\/users\/1"}],"replies":[{"embeddable":true,"href":"https:\/\/braseal.com.br\/index.php?rest_route=%2Fwp%2Fv2%2Fcomments&post=251"}],"version-history":[{"count":41,"href":"https:\/\/braseal.com.br\/index.php?rest_route=\/wp\/v2\/pages\/251\/revisions"}],"predecessor-version":[{"id":2086,"href":"https:\/\/braseal.com.br\/index.php?rest_route=\/wp\/v2\/pages\/251\/revisions\/2086"}],"wp:attachment":[{"href":"https:\/\/braseal.com.br\/index.php?rest_route=%2Fwp%2Fv2%2Fmedia&parent=251"}],"curies":[{"name":"wp","href":"https:\/\/api.w.org\/{rel}","templated":true}]}}