{"id":89,"date":"2016-12-20T13:17:34","date_gmt":"2016-12-20T15:17:34","guid":{"rendered":"http:\/\/braseal.com.br\/?page_id=89"},"modified":"2024-12-19T14:08:08","modified_gmt":"2024-12-19T17:08:08","slug":"contato","status":"publish","type":"page","link":"https:\/\/braseal.com.br\/?page_id=89","title":{"rendered":"Contato"},"content":{"rendered":"\t\t<div data-elementor-type=\"wp-page\" data-elementor-id=\"89\" class=\"elementor elementor-89\">\n\t\t\t\t<div class=\"elementor-element elementor-element-2e52949 e-flex e-con-boxed wpr-particle-no wpr-jarallax-no wpr-parallax-no wpr-sticky-section-no wpr-equal-height-no e-con e-parent\" data-id=\"2e52949\" data-element_type=\"container\" data-e-type=\"container\">\n\t\t\t\t\t<div class=\"e-con-inner\">\n\t\t\t\t<div class=\"elementor-element elementor-element-9b90c99 elementor-widget elementor-widget-spacer\" data-id=\"9b90c99\" data-element_type=\"widget\" data-e-type=\"widget\" data-widget_type=\"spacer.default\">\n\t\t\t\t<div class=\"elementor-widget-container\">\n\t\t\t\t\t\t\t<div class=\"elementor-spacer\">\n\t\t\t<div class=\"elementor-spacer-inner\"><\/div>\n\t\t<\/div>\n\t\t\t\t\t\t<\/div>\n\t\t\t\t<\/div>\n\t\t\t\t\t<\/div>\n\t\t\t\t<\/div>\n\t\t<div class=\"elementor-element elementor-element-1300d749 e-flex e-con-boxed wpr-particle-no wpr-jarallax-no wpr-parallax-no wpr-sticky-section-no wpr-equal-height-no e-con e-parent\" data-id=\"1300d749\" data-element_type=\"container\" data-e-type=\"container\">\n\t\t\t\t\t<div class=\"e-con-inner\">\n\t\t\t\t<div class=\"elementor-element elementor-element-28bfae5d elementor-widget elementor-widget-text-editor\" data-id=\"28bfae5d\" data-element_type=\"widget\" data-e-type=\"widget\" data-widget_type=\"text-editor.default\">\n\t\t\t\t<div class=\"elementor-widget-container\">\n\t\t\t\t\t\t\t\t\t<p>[vc_row css=&#8221;.vc_custom_1671073545427{padding-top: 50px !important;}&#8221;][vc_column css=&#8221;.vc_custom_1587176133577{margin-top: 0px !important;margin-right: 0px !important;margin-bottom: 0px !important;margin-left: 0px !important;border-top-width: 0px !important;border-right-width: 0px !important;border-bottom-width: 0px !important;border-left-width: 0px !important;padding-top: 0px !important;padding-right: 0px !important;padding-bottom: 0px !important;padding-left: 0px !important;}&#8221;][vc_single_image image=&#8221;22&#8243; img_size=&#8221;full&#8221; alignment=&#8221;center&#8221; css=&#8221;.vc_custom_1587322123087{margin-bottom: 15px !important;}&#8221;][vc_btn title=&#8221;CHAMAR NO WHATSAPP&#8221; align=&#8221;center&#8221; css=&#8221;.vc_custom_1587322276540{margin-top: 0px !important;margin-right: 0px !important;margin-bottom: 0px !important;margin-left: 0px !important;border-top-width: 0px !important;border-right-width: 0px !important;border-bottom-width: 0px !important;border-left-width: 0px !important;padding-top: 0px !important;padding-right: 0px !important;padding-bottom: 0px !important;padding-left: 0px !important;}&#8221; link=&#8221;url:https%3A%2F%2Fapi.whatsapp.com%2Fsend%3Fphone%3D5511969069032%26text%3DOl%25C3%25A1%252C%2520em%2520que%2520podemos%2520ajudar%253F||target:%20_blank|&#8221;][vc_empty_space height=&#8221;12px&#8221;][vc_separator][vc_row_inner][vc_column_inner width=&#8221;1\/6&#8243;][\/vc_column_inner][vc_column_inner width=&#8221;1\/6&#8243;][vc_single_image image=&#8221;203&#8243; img_size=&#8221;full&#8221; alignment=&#8221;center&#8221; onclick=&#8221;custom_link&#8221; link=&#8221;http:\/\/www.facebook.com\/brasealvedacoes&#8221;][\/vc_column_inner][vc_column_inner width=&#8221;1\/6&#8243;][vc_single_image image=&#8221;204&#8243; img_size=&#8221;full&#8221; alignment=&#8221;center&#8221; onclick=&#8221;custom_link&#8221; link=&#8221;https:\/\/twitter.com\/Braseal&#8221;][\/vc_column_inner][vc_column_inner width=&#8221;1\/6&#8243;][vc_single_image image=&#8221;205&#8243; img_size=&#8221;full&#8221; alignment=&#8221;center&#8221; onclick=&#8221;custom_link&#8221; link=&#8221; https:\/\/www.linkedin.com\/in\/braseal-veda%C3%A7%C3%B5es-81322635\/&#8221;][\/vc_column_inner][vc_column_inner width=&#8221;1\/6&#8243;][vc_single_image image=&#8221;507&#8243; img_size=&#8221;full&#8221; alignment=&#8221;center&#8221; onclick=&#8221;custom_link&#8221; link=&#8221;https:\/\/www.instagram.com\/braseal_vedacoes\/&#8221;][\/vc_column_inner][vc_column_inner width=&#8221;1\/6&#8243;][\/vc_column_inner][\/vc_row_inner][dhvc_form id=&#8221;20&#8243;][\/vc_column][\/vc_row][vc_row full_width=&#8221;stretch_row&#8221; css=&#8221;.vc_custom_1485117015433{margin-top: 50px !important;}&#8221;][vc_column][\/vc_column][\/vc_row]<\/p>\t\t\t\t\t\t\t\t<\/div>\n\t\t\t\t<\/div>\n\t\t\t\t\t<\/div>\n\t\t\t\t<\/div>\n\t\t<div class=\"elementor-element elementor-element-f7a2138 e-flex e-con-boxed wpr-particle-no wpr-jarallax-no wpr-parallax-no wpr-sticky-section-no wpr-equal-height-no e-con e-parent\" data-id=\"f7a2138\" data-element_type=\"container\" data-e-type=\"container\">\n\t\t\t\t\t<div class=\"e-con-inner\">\n\t\t\t\t<div class=\"elementor-element elementor-element-e9cf328 elementor-widget elementor-widget-spacer\" data-id=\"e9cf328\" data-element_type=\"widget\" data-e-type=\"widget\" data-widget_type=\"spacer.default\">\n\t\t\t\t<div class=\"elementor-widget-container\">\n\t\t\t\t\t\t\t<div class=\"elementor-spacer\">\n\t\t\t<div class=\"elementor-spacer-inner\"><\/div>\n\t\t<\/div>\n\t\t\t\t\t\t<\/div>\n\t\t\t\t<\/div>\n\t\t\t\t\t<\/div>\n\t\t\t\t<\/div>\n\t\t<div class=\"elementor-element elementor-element-a84e87c e-flex e-con-boxed wpr-particle-no wpr-jarallax-no wpr-parallax-no wpr-sticky-section-no wpr-equal-height-no e-con e-parent\" data-id=\"a84e87c\" data-element_type=\"container\" data-e-type=\"container\">\n\t\t\t\t\t<div class=\"e-con-inner\">\n\t\t\t\t<div class=\"elementor-element elementor-element-ad6357c elementor-widget elementor-widget-google_maps\" data-id=\"ad6357c\" data-element_type=\"widget\" data-e-type=\"widget\" data-widget_type=\"google_maps.default\">\n\t\t\t\t<div class=\"elementor-widget-container\">\n\t\t\t\t\t\t\t<div class=\"elementor-custom-embed\">\n\t\t\t<iframe loading=\"lazy\"\n\t\t\t\t\tsrc=\"https:\/\/maps.google.com\/maps?q=Braseal%20Veda%C3%A7%C3%B5es%20-%20Distribuidor%20Trelleborg%20Sealing%20Solutions&#038;t=m&#038;z=15&#038;output=embed&#038;iwloc=near\"\n\t\t\t\t\ttitle=\"Braseal Veda\u00e7\u00f5es - Distribuidor Trelleborg Sealing Solutions\"\n\t\t\t\t\taria-label=\"Braseal Veda\u00e7\u00f5es - Distribuidor Trelleborg Sealing Solutions\"\n\t\t\t><\/iframe>\n\t\t<\/div>\n\t\t\t\t\t\t<\/div>\n\t\t\t\t<\/div>\n\t\t\t\t\t<\/div>\n\t\t\t\t<\/div>\n\t\t<div class=\"elementor-element elementor-element-901934b e-flex e-con-boxed wpr-particle-no wpr-jarallax-no wpr-parallax-no wpr-sticky-section-no wpr-equal-height-no e-con e-parent\" data-id=\"901934b\" data-element_type=\"container\" data-e-type=\"container\">\n\t\t\t\t\t<div class=\"e-con-inner\">\n\t\t\t\t<div class=\"elementor-element elementor-element-097b5d2 elementor-widget elementor-widget-spacer\" data-id=\"097b5d2\" data-element_type=\"widget\" data-e-type=\"widget\" data-widget_type=\"spacer.default\">\n\t\t\t\t<div class=\"elementor-widget-container\">\n\t\t\t\t\t\t\t<div class=\"elementor-spacer\">\n\t\t\t<div class=\"elementor-spacer-inner\"><\/div>\n\t\t<\/div>\n\t\t\t\t\t\t<\/div>\n\t\t\t\t<\/div>\n\t\t\t\t\t<\/div>\n\t\t\t\t<\/div>\n\t\t\t\t<\/div>\n\t\t","protected":false},"excerpt":{"rendered":"<p>[vc_row css=&#8221;.vc_custom_1671073545427{padding-top: 50px !important;}&#8221;][vc_column css=&#8221;.vc_custom_1587176133577{margin-top: 0px !important;margin-right: 0px !important;margin-bottom: 0px !important;margin-left: 0px !important;border-top-width: 0px !important;border-right-width: 0px !important;border-bottom-width: 0px !important;border-left-width: 0px !important;padding-top: 0px !important;padding-right: 0px !important;padding-bottom: 0px !important;padding-left: 0px !important;}&#8221;][vc_single_image image=&#8221;22&#8243; img_size=&#8221;full&#8221; alignment=&#8221;center&#8221; css=&#8221;.vc_custom_1587322123087{margin-bottom: 15px !important;}&#8221;][vc_btn title=&#8221;CHAMAR NO WHATSAPP&#8221; align=&#8221;center&#8221; css=&#8221;.vc_custom_1587322276540{margin-top:<span class=\"excerpt-hellip\"> [\u2026]<\/span><\/p>\n","protected":false},"author":1,"featured_media":0,"parent":0,"menu_order":0,"comment_status":"closed","ping_status":"closed","template":"elementor_canvas","meta":{"footnotes":""},"class_list":["post-89","page","type-page","status-publish","hentry"],"yoast_head":"<!-- This site is optimized with the Yoast SEO plugin v27.4 - https:\/\/yoast.com\/product\/yoast-seo-wordpress\/ -->\n<title>Contato - Braseal Veda\u00e7\u00f5es<\/title>\n<meta name=\"robots\" content=\"index, follow, max-snippet:-1, max-image-preview:large, max-video-preview:-1\" \/>\n<link rel=\"canonical\" href=\"https:\/\/braseal.com.br\/?page_id=89\" \/>\n<meta property=\"og:locale\" content=\"pt_BR\" \/>\n<meta property=\"og:type\" content=\"article\" \/>\n<meta property=\"og:title\" content=\"Contato - Braseal Veda\u00e7\u00f5es\" \/>\n<meta property=\"og:description\" content=\"[vc_row css=&#8221;.vc_custom_1671073545427{padding-top: 50px !important;}&#8221;][vc_column css=&#8221;.vc_custom_1587176133577{margin-top: 0px !important;margin-right: 0px !important;margin-bottom: 0px !important;margin-left: 0px !important;border-top-width: 0px !important;border-right-width: 0px !important;border-bottom-width: 0px !important;border-left-width: 0px !important;padding-top: 0px !important;padding-right: 0px !important;padding-bottom: 0px !important;padding-left: 0px !important;}&#8221;][vc_single_image image=&#8221;22&#8243; img_size=&#8221;full&#8221; alignment=&#8221;center&#8221; css=&#8221;.vc_custom_1587322123087{margin-bottom: 15px !important;}&#8221;][vc_btn title=&#8221;CHAMAR NO WHATSAPP&#8221; align=&#8221;center&#8221; css=&#8221;.vc_custom_1587322276540{margin-top: [\u2026]\" \/>\n<meta property=\"og:url\" content=\"https:\/\/braseal.com.br\/?page_id=89\" \/>\n<meta property=\"og:site_name\" content=\"Braseal Veda\u00e7\u00f5es\" \/>\n<meta property=\"article:modified_time\" content=\"2024-12-19T17:08:08+00:00\" \/>\n<meta name=\"twitter:card\" content=\"summary_large_image\" \/>\n<meta name=\"twitter:label1\" content=\"Est. tempo de leitura\" \/>\n\t<meta name=\"twitter:data1\" content=\"1 minuto\" \/>\n<script type=\"application\/ld+json\" class=\"yoast-schema-graph\">{\"@context\":\"https:\\\/\\\/schema.org\",\"@graph\":[{\"@type\":\"WebPage\",\"@id\":\"https:\\\/\\\/braseal.com.br\\\/?page_id=89\",\"url\":\"https:\\\/\\\/braseal.com.br\\\/?page_id=89\",\"name\":\"Contato - Braseal Veda\u00e7\u00f5es\",\"isPartOf\":{\"@id\":\"https:\\\/\\\/braseal.com.br\\\/#website\"},\"datePublished\":\"2016-12-20T15:17:34+00:00\",\"dateModified\":\"2024-12-19T17:08:08+00:00\",\"breadcrumb\":{\"@id\":\"https:\\\/\\\/braseal.com.br\\\/?page_id=89#breadcrumb\"},\"inLanguage\":\"pt-BR\",\"potentialAction\":[{\"@type\":\"ReadAction\",\"target\":[\"https:\\\/\\\/braseal.com.br\\\/?page_id=89\"]}]},{\"@type\":\"BreadcrumbList\",\"@id\":\"https:\\\/\\\/braseal.com.br\\\/?page_id=89#breadcrumb\",\"itemListElement\":[{\"@type\":\"ListItem\",\"position\":1,\"name\":\"In\u00edcio\",\"item\":\"https:\\\/\\\/braseal.com.br\\\/\"},{\"@type\":\"ListItem\",\"position\":2,\"name\":\"Contato\"}]},{\"@type\":\"WebSite\",\"@id\":\"https:\\\/\\\/braseal.com.br\\\/#website\",\"url\":\"https:\\\/\\\/braseal.com.br\\\/\",\"name\":\"Braseal Veda\u00e7\u00f5es\",\"description\":\"Somos distribuidores autorizados da Trelleborg, refer\u00eancia em solu\u00e7\u00f5es de veda\u00e7\u00e3o industrial, e da Newtec, especialista em tecnologias de filtragem. Nossa parceria com essas marcas garante produtos de alta qualidade, inova\u00e7\u00e3o e confiabilidade para atender \u00e0s demandas da ind\u00fastria com excel\u00eancia.\",\"publisher\":{\"@id\":\"https:\\\/\\\/braseal.com.br\\\/#organization\"},\"potentialAction\":[{\"@type\":\"SearchAction\",\"target\":{\"@type\":\"EntryPoint\",\"urlTemplate\":\"https:\\\/\\\/braseal.com.br\\\/?s={search_term_string}\"},\"query-input\":{\"@type\":\"PropertyValueSpecification\",\"valueRequired\":true,\"valueName\":\"search_term_string\"}}],\"inLanguage\":\"pt-BR\"},{\"@type\":\"Organization\",\"@id\":\"https:\\\/\\\/braseal.com.br\\\/#organization\",\"name\":\"Braseal Veda\u00e7\u00f5es\",\"url\":\"https:\\\/\\\/braseal.com.br\\\/\",\"logo\":{\"@type\":\"ImageObject\",\"inLanguage\":\"pt-BR\",\"@id\":\"https:\\\/\\\/braseal.com.br\\\/#\\\/schema\\\/logo\\\/image\\\/\",\"url\":\"https:\\\/\\\/braseal.com.br\\\/wp-content\\\/uploads\\\/2017\\\/02\\\/logo-braseal.png\",\"contentUrl\":\"https:\\\/\\\/braseal.com.br\\\/wp-content\\\/uploads\\\/2017\\\/02\\\/logo-braseal.png\",\"width\":162,\"height\":162,\"caption\":\"Braseal Veda\u00e7\u00f5es\"},\"image\":{\"@id\":\"https:\\\/\\\/braseal.com.br\\\/#\\\/schema\\\/logo\\\/image\\\/\"}}]}<\/script>\n<!-- \/ Yoast SEO plugin. -->","yoast_head_json":{"title":"Contato - Braseal Veda\u00e7\u00f5es","robots":{"index":"index","follow":"follow","max-snippet":"max-snippet:-1","max-image-preview":"max-image-preview:large","max-video-preview":"max-video-preview:-1"},"canonical":"https:\/\/braseal.com.br\/?page_id=89","og_locale":"pt_BR","og_type":"article","og_title":"Contato - Braseal Veda\u00e7\u00f5es","og_description":"[vc_row css=&#8221;.vc_custom_1671073545427{padding-top: 50px !important;}&#8221;][vc_column css=&#8221;.vc_custom_1587176133577{margin-top: 0px !important;margin-right: 0px !important;margin-bottom: 0px !important;margin-left: 0px !important;border-top-width: 0px !important;border-right-width: 0px !important;border-bottom-width: 0px !important;border-left-width: 0px !important;padding-top: 0px !important;padding-right: 0px !important;padding-bottom: 0px !important;padding-left: 0px !important;}&#8221;][vc_single_image image=&#8221;22&#8243; img_size=&#8221;full&#8221; alignment=&#8221;center&#8221; css=&#8221;.vc_custom_1587322123087{margin-bottom: 15px !important;}&#8221;][vc_btn title=&#8221;CHAMAR NO WHATSAPP&#8221; align=&#8221;center&#8221; css=&#8221;.vc_custom_1587322276540{margin-top: [\u2026]","og_url":"https:\/\/braseal.com.br\/?page_id=89","og_site_name":"Braseal Veda\u00e7\u00f5es","article_modified_time":"2024-12-19T17:08:08+00:00","twitter_card":"summary_large_image","twitter_misc":{"Est. tempo de leitura":"1 minuto"},"schema":{"@context":"https:\/\/schema.org","@graph":[{"@type":"WebPage","@id":"https:\/\/braseal.com.br\/?page_id=89","url":"https:\/\/braseal.com.br\/?page_id=89","name":"Contato - Braseal Veda\u00e7\u00f5es","isPartOf":{"@id":"https:\/\/braseal.com.br\/#website"},"datePublished":"2016-12-20T15:17:34+00:00","dateModified":"2024-12-19T17:08:08+00:00","breadcrumb":{"@id":"https:\/\/braseal.com.br\/?page_id=89#breadcrumb"},"inLanguage":"pt-BR","potentialAction":[{"@type":"ReadAction","target":["https:\/\/braseal.com.br\/?page_id=89"]}]},{"@type":"BreadcrumbList","@id":"https:\/\/braseal.com.br\/?page_id=89#breadcrumb","itemListElement":[{"@type":"ListItem","position":1,"name":"In\u00edcio","item":"https:\/\/braseal.com.br\/"},{"@type":"ListItem","position":2,"name":"Contato"}]},{"@type":"WebSite","@id":"https:\/\/braseal.com.br\/#website","url":"https:\/\/braseal.com.br\/","name":"Braseal Veda\u00e7\u00f5es","description":"Somos distribuidores autorizados da Trelleborg, refer\u00eancia em solu\u00e7\u00f5es de veda\u00e7\u00e3o industrial, e da Newtec, especialista em tecnologias de filtragem. Nossa parceria com essas marcas garante produtos de alta qualidade, inova\u00e7\u00e3o e confiabilidade para atender \u00e0s demandas da ind\u00fastria com excel\u00eancia.","publisher":{"@id":"https:\/\/braseal.com.br\/#organization"},"potentialAction":[{"@type":"SearchAction","target":{"@type":"EntryPoint","urlTemplate":"https:\/\/braseal.com.br\/?s={search_term_string}"},"query-input":{"@type":"PropertyValueSpecification","valueRequired":true,"valueName":"search_term_string"}}],"inLanguage":"pt-BR"},{"@type":"Organization","@id":"https:\/\/braseal.com.br\/#organization","name":"Braseal Veda\u00e7\u00f5es","url":"https:\/\/braseal.com.br\/","logo":{"@type":"ImageObject","inLanguage":"pt-BR","@id":"https:\/\/braseal.com.br\/#\/schema\/logo\/image\/","url":"https:\/\/braseal.com.br\/wp-content\/uploads\/2017\/02\/logo-braseal.png","contentUrl":"https:\/\/braseal.com.br\/wp-content\/uploads\/2017\/02\/logo-braseal.png","width":162,"height":162,"caption":"Braseal Veda\u00e7\u00f5es"},"image":{"@id":"https:\/\/braseal.com.br\/#\/schema\/logo\/image\/"}}]}},"_links":{"self":[{"href":"https:\/\/braseal.com.br\/index.php?rest_route=\/wp\/v2\/pages\/89","targetHints":{"allow":["GET"]}}],"collection":[{"href":"https:\/\/braseal.com.br\/index.php?rest_route=\/wp\/v2\/pages"}],"about":[{"href":"https:\/\/braseal.com.br\/index.php?rest_route=\/wp\/v2\/types\/page"}],"author":[{"embeddable":true,"href":"https:\/\/braseal.com.br\/index.php?rest_route=\/wp\/v2\/users\/1"}],"replies":[{"embeddable":true,"href":"https:\/\/braseal.com.br\/index.php?rest_route=%2Fwp%2Fv2%2Fcomments&post=89"}],"version-history":[{"count":32,"href":"https:\/\/braseal.com.br\/index.php?rest_route=\/wp\/v2\/pages\/89\/revisions"}],"predecessor-version":[{"id":1644,"href":"https:\/\/braseal.com.br\/index.php?rest_route=\/wp\/v2\/pages\/89\/revisions\/1644"}],"wp:attachment":[{"href":"https:\/\/braseal.com.br\/index.php?rest_route=%2Fwp%2Fv2%2Fmedia&parent=89"}],"curies":[{"name":"wp","href":"https:\/\/api.w.org\/{rel}","templated":true}]}}